{"id":1116,"date":"2025-06-01T09:16:00","date_gmt":"2025-06-01T09:16:00","guid":{"rendered":"https:\/\/yytexportcar.com\/about\/"},"modified":"2025-12-15T02:53:26","modified_gmt":"2025-12-15T02:53:26","slug":"about","status":"publish","type":"page","link":"https:\/\/yytexportcar.com\/fr\/about\/","title":{"rendered":"A propos de"},"content":{"rendered":"<div data-elementor-type=\"wp-page\" data-elementor-id=\"1116\" class=\"elementor elementor-1116\" data-elementor-post-type=\"page\">\n\t\t\t\t<div class=\"elementor-element elementor-element-60c1fe6 e-con-full e-flex e-con e-parent\" data-id=\"60c1fe6\" data-element_type=\"container\" data-e-type=\"container\">\n\t\t\t\t<div class=\"elementor-element elementor-element-7ca6b1d elementor-widget elementor-widget-image\" data-id=\"7ca6b1d\" data-element_type=\"widget\" data-e-type=\"widget\" data-widget_type=\"image.default\">\n\t\t\t\t<div class=\"elementor-widget-container\">\n\t\t\t\t\t\t\t\t\t\t\t\t\t\t\t<img alt=\"\" fetchpriority=\"high\" decoding=\"async\" width=\"1920\" height=\"420\" src=\"https:\/\/yytexportcar.com\/wp-content\/uploads\/2025\/12\/about.jpg\" class=\"attachment-full size-full wp-image-4349\" srcset=\"https:\/\/yytexportcar.com\/wp-content\/uploads\/2025\/12\/about.jpg 1920w, https:\/\/yytexportcar.com\/wp-content\/uploads\/2025\/12\/about-300x66.jpg 300w, https:\/\/yytexportcar.com\/wp-content\/uploads\/2025\/12\/about-1024x224.jpg 1024w, https:\/\/yytexportcar.com\/wp-content\/uploads\/2025\/12\/about-768x168.jpg 768w, https:\/\/yytexportcar.com\/wp-content\/uploads\/2025\/12\/about-1536x336.jpg 1536w, https:\/\/yytexportcar.com\/wp-content\/uploads\/2025\/12\/about-18x4.jpg 18w, https:\/\/yytexportcar.com\/wp-content\/uploads\/2025\/12\/about-600x131.jpg 600w\" sizes=\"(max-width: 1920px) 100vw, 1920px\" \/>\t\t\t\t\t\t\t\t\t\t\t\t\t\t\t<\/div>\n\t\t\t\t<\/div>\n\t\t\t\t<\/div>\n\t\t<div class=\"elementor-element elementor-element-9286cfa e-flex e-con-boxed e-con e-parent\" data-id=\"9286cfa\" data-element_type=\"container\" data-e-type=\"container\">\n\t\t\t\t\t<div class=\"e-con-inner\">\n\t\t\t\t<div class=\"elementor-element elementor-element-88fbdc9 elementor-widget elementor-widget-heading\" data-id=\"88fbdc9\" data-element_type=\"widget\" data-e-type=\"widget\" data-widget_type=\"heading.default\">\n\t\t\t\t<div class=\"elementor-widget-container\">\n\t\t\t\t\t<h2 class=\"elementor-heading-title elementor-size-default\">\u00c0 PROPOS DE NOUS\n<\/h2>\t\t\t\t<\/div>\n\t\t\t\t<\/div>\n\t\t\t\t<div class=\"elementor-element elementor-element-914a6a7 elementor-widget elementor-widget-text-editor\" data-id=\"914a6a7\" data-element_type=\"widget\" data-e-type=\"widget\" data-widget_type=\"text-editor.default\">\n\t\t\t\t<div class=\"elementor-widget-container\">\n\t\t\t\t\t\t\t\t\t<p>Shandong Yuanyuantong International Trading Co. est une entreprise sp\u00e9cialis\u00e9e dans le commerce automobile international, dont le si\u00e8ge se trouve \u00e0 Jinan. Nous nous engageons \u00e0 connecter le march\u00e9 automobile mondial et \u00e0 fournir \u00e0 nos clients des produits automobiles de haute qualit\u00e9 et des services d'exportation professionnels. Depuis sa cr\u00e9ation, l'entreprise a \u00e9tabli de vastes partenariats internationaux dans 150 pays, couvrant les constructeurs automobiles, les concessionnaires et les soci\u00e9t\u00e9s de cr\u00e9dit-bail du monde entier.<\/p><p>Nos activit\u00e9s principales comprennent l'achat d'automobiles, la logistique internationale, le d\u00e9douanement et les services apr\u00e8s-vente. Que nos clients aient besoin d'une voiture neuve ou d'une voiture d'occasion, nous pouvons leur proposer un large \u00e9ventail d'options. Parall\u00e8lement, nous nous engageons activement dans la promotion et la vente de v\u00e9hicules \u00e0 \u00e9nergie nouvelle afin de favoriser les d\u00e9placements durables.<\/p><p>Avec l'int\u00e9grit\u00e9, la qualit\u00e9 et la satisfaction du client comme valeurs fondamentales, Automobile Export Trading Company s'engage toujours \u00e0 fournir \u00e0 ses clients des produits et des services de la plus haute qualit\u00e9. Que vous soyez un constructeur automobile, un concessionnaire ou un acheteur individuel, nous sommes pr\u00eats \u00e0 coop\u00e9rer avec vous pour d\u00e9velopper conjointement le march\u00e9 automobile international et parvenir \u00e0 une situation gagnant-gagnant. Nous vous remercions de l'attention que vous nous portez et nous nous r\u00e9jouissons d'\u00e9tablir avec vous un partenariat \u00e0 long terme.<\/p>\t\t\t\t\t\t\t\t<\/div>\n\t\t\t\t<\/div>\n\t\t\t\t\t<\/div>\n\t\t\t\t<\/div>\n\t\t<div class=\"elementor-element elementor-element-ad2c598 e-con-full e-flex e-con e-parent\" data-id=\"ad2c598\" data-element_type=\"container\" data-e-type=\"container\">\n\t\t\t\t<div class=\"elementor-element elementor-element-f38b768 elementor-widget elementor-widget-heading\" data-id=\"f38b768\" data-element_type=\"widget\" data-e-type=\"widget\" data-widget_type=\"heading.default\">\n\t\t\t\t<div class=\"elementor-widget-container\">\n\t\t\t\t\t<h2 class=\"elementor-heading-title elementor-size-default\">NOS AVANTAGES<\/h2>\t\t\t\t<\/div>\n\t\t\t\t<\/div>\n\t\t<div class=\"elementor-element elementor-element-b417adb e-flex e-con-boxed e-con e-child\" data-id=\"b417adb\" data-element_type=\"container\" data-e-type=\"container\">\n\t\t\t\t\t<div class=\"e-con-inner\">\n\t\t<div class=\"elementor-element elementor-element-6b96343 e-con-full e-flex e-con e-child\" data-id=\"6b96343\" data-element_type=\"container\" data-e-type=\"container\">\n\t\t\t\t<div class=\"elementor-element elementor-element-b37dd16 elementor-position-left elementor-vertical-align-top elementor-widget elementor-widget-image-box\" data-id=\"b37dd16\" data-element_type=\"widget\" data-e-type=\"widget\" data-widget_type=\"image-box.default\">\n\t\t\t\t<div class=\"elementor-widget-container\">\n\t\t\t\t\t<div class=\"elementor-image-box-wrapper\"><figure class=\"elementor-image-box-img\"><img alt=\"\" decoding=\"async\" width=\"100\" height=\"100\" src=\"https:\/\/yytexportcar.com\/wp-content\/uploads\/2025\/12\/3903-202402021034196220.webp\" class=\"attachment-full size-full wp-image-4197\" srcset=\"https:\/\/yytexportcar.com\/wp-content\/uploads\/2025\/12\/3903-202402021034196220.webp 100w, https:\/\/yytexportcar.com\/wp-content\/uploads\/2025\/12\/3903-202402021034196220-12x12.webp 12w\" sizes=\"(max-width: 100px) 100vw, 100px\" \/><\/figure><div class=\"elementor-image-box-content\"><h3 class=\"elementor-image-box-title\">Assurance qualit\u00e9<\/h3><p class=\"elementor-image-box-description\">Respectueux de l'environnement et \u00e0 la mode, avec une qualit\u00e9 garantie pour les v\u00e9hicules de grande marque<\/p><\/div><\/div>\t\t\t\t<\/div>\n\t\t\t\t<\/div>\n\t\t\t\t<\/div>\n\t\t<div class=\"elementor-element elementor-element-e0fe304 e-con-full e-flex e-con e-child\" data-id=\"e0fe304\" data-element_type=\"container\" data-e-type=\"container\">\n\t\t\t\t<div class=\"elementor-element elementor-element-6fbea5d elementor-position-left elementor-vertical-align-top elementor-widget elementor-widget-image-box\" data-id=\"6fbea5d\" data-element_type=\"widget\" data-e-type=\"widget\" data-widget_type=\"image-box.default\">\n\t\t\t\t<div class=\"elementor-widget-container\">\n\t\t\t\t\t<div class=\"elementor-image-box-wrapper\"><figure class=\"elementor-image-box-img\"><img alt=\"\" decoding=\"async\" width=\"100\" height=\"100\" src=\"https:\/\/yytexportcar.com\/wp-content\/uploads\/2025\/12\/3903-202402021035079216.webp\" class=\"attachment-full size-full wp-image-4201\" srcset=\"https:\/\/yytexportcar.com\/wp-content\/uploads\/2025\/12\/3903-202402021035079216.webp 100w, https:\/\/yytexportcar.com\/wp-content\/uploads\/2025\/12\/3903-202402021035079216-12x12.webp 12w\" sizes=\"(max-width: 100px) 100vw, 100px\" \/><\/figure><div class=\"elementor-image-box-content\"><h3 class=\"elementor-image-box-title\">Offre suffisante de v\u00e9hicules<\/h3><p class=\"elementor-image-box-description\">Couvrant une vari\u00e9t\u00e9 de mod\u00e8les de v\u00e9hicules en stock, \u00e0 des prix abordables<\/p><\/div><\/div>\t\t\t\t<\/div>\n\t\t\t\t<\/div>\n\t\t\t\t<\/div>\n\t\t<div class=\"elementor-element elementor-element-93130e3 e-con-full e-flex e-con e-child\" data-id=\"93130e3\" data-element_type=\"container\" data-e-type=\"container\">\n\t\t\t\t<div class=\"elementor-element elementor-element-686b04d elementor-position-left elementor-vertical-align-top elementor-widget elementor-widget-image-box\" data-id=\"686b04d\" data-element_type=\"widget\" data-e-type=\"widget\" data-widget_type=\"image-box.default\">\n\t\t\t\t<div class=\"elementor-widget-container\">\n\t\t\t\t\t<div class=\"elementor-image-box-wrapper\"><figure class=\"elementor-image-box-img\"><img alt=\"\" loading=\"lazy\" decoding=\"async\" width=\"100\" height=\"100\" src=\"https:\/\/yytexportcar.com\/wp-content\/uploads\/2025\/12\/3903-202402021037252365.webp\" class=\"attachment-full size-full wp-image-4202\" srcset=\"https:\/\/yytexportcar.com\/wp-content\/uploads\/2025\/12\/3903-202402021037252365.webp 100w, https:\/\/yytexportcar.com\/wp-content\/uploads\/2025\/12\/3903-202402021037252365-12x12.webp 12w\" sizes=\"(max-width: 100px) 100vw, 100px\" \/><\/figure><div class=\"elementor-image-box-content\"><h3 class=\"elementor-image-box-title\">Service apr\u00e8s-vente 24 heures sur 24<\/h3><p class=\"elementor-image-box-description\">R\u00e9pondre au t\u00e9l\u00e9phone dans les plus brefs d\u00e9lais et r\u00e9soudre votre probl\u00e8me de service apr\u00e8s-vente.<\/p><\/div><\/div>\t\t\t\t<\/div>\n\t\t\t\t<\/div>\n\t\t\t\t<\/div>\n\t\t\t\t\t<\/div>\n\t\t\t\t<\/div>\n\t\t<div class=\"elementor-element elementor-element-d55c647 e-flex e-con-boxed e-con e-child\" data-id=\"d55c647\" data-element_type=\"container\" data-e-type=\"container\">\n\t\t\t\t\t<div class=\"e-con-inner\">\n\t\t<div class=\"elementor-element elementor-element-196cd48 e-con-full e-flex e-con e-child\" data-id=\"196cd48\" data-element_type=\"container\" data-e-type=\"container\">\n\t\t\t\t<div class=\"elementor-element elementor-element-f78b974 elementor-position-left elementor-vertical-align-top elementor-widget elementor-widget-image-box\" data-id=\"f78b974\" data-element_type=\"widget\" data-e-type=\"widget\" data-widget_type=\"image-box.default\">\n\t\t\t\t<div class=\"elementor-widget-container\">\n\t\t\t\t\t<div class=\"elementor-image-box-wrapper\"><figure class=\"elementor-image-box-img\"><img alt=\"\" loading=\"lazy\" decoding=\"async\" width=\"100\" height=\"100\" src=\"https:\/\/yytexportcar.com\/wp-content\/uploads\/2025\/12\/3903-202402021036194519.webp\" class=\"attachment-full size-full wp-image-4203\" srcset=\"https:\/\/yytexportcar.com\/wp-content\/uploads\/2025\/12\/3903-202402021036194519.webp 100w, https:\/\/yytexportcar.com\/wp-content\/uploads\/2025\/12\/3903-202402021036194519-12x12.webp 12w\" sizes=\"(max-width: 100px) 100vw, 100px\" \/><\/figure><div class=\"elementor-image-box-content\"><h3 class=\"elementor-image-box-title\">Accessoires originaux<\/h3><p class=\"elementor-image-box-description\">Utilisation d'accessoires d'origine et qualit\u00e9 d'origine de l'usine<\/p><\/div><\/div>\t\t\t\t<\/div>\n\t\t\t\t<\/div>\n\t\t\t\t<\/div>\n\t\t<div class=\"elementor-element elementor-element-c6d9d22 e-con-full e-flex e-con e-child\" data-id=\"c6d9d22\" data-element_type=\"container\" data-e-type=\"container\">\n\t\t\t\t<div class=\"elementor-element elementor-element-0672b57 elementor-position-left elementor-vertical-align-top elementor-widget elementor-widget-image-box\" data-id=\"0672b57\" data-element_type=\"widget\" data-e-type=\"widget\" data-widget_type=\"image-box.default\">\n\t\t\t\t<div class=\"elementor-widget-container\">\n\t\t\t\t\t<div class=\"elementor-image-box-wrapper\"><figure class=\"elementor-image-box-img\"><img alt=\"\" loading=\"lazy\" decoding=\"async\" width=\"100\" height=\"100\" src=\"https:\/\/yytexportcar.com\/wp-content\/uploads\/2025\/12\/3903-202402021037464956.webp\" class=\"attachment-full size-full wp-image-4204\" srcset=\"https:\/\/yytexportcar.com\/wp-content\/uploads\/2025\/12\/3903-202402021037464956.webp 100w, https:\/\/yytexportcar.com\/wp-content\/uploads\/2025\/12\/3903-202402021037464956-12x12.webp 12w\" sizes=\"(max-width: 100px) 100vw, 100px\" \/><\/figure><div class=\"elementor-image-box-content\"><h3 class=\"elementor-image-box-title\">Garantie de maintenance<\/h3><p class=\"elementor-image-box-description\">Mise en \u0153uvre stricte du \"syst\u00e8me des trois inspections\" afin de garantir une livraison parfaite \u00e0 chaque fois.<\/p><\/div><\/div>\t\t\t\t<\/div>\n\t\t\t\t<\/div>\n\t\t\t\t<\/div>\n\t\t<div class=\"elementor-element elementor-element-7ccfe30 e-con-full e-flex e-con e-child\" data-id=\"7ccfe30\" data-element_type=\"container\" data-e-type=\"container\">\n\t\t\t\t<div class=\"elementor-element elementor-element-ee05d81 elementor-position-left elementor-vertical-align-top elementor-widget elementor-widget-image-box\" data-id=\"ee05d81\" data-element_type=\"widget\" data-e-type=\"widget\" data-widget_type=\"image-box.default\">\n\t\t\t\t<div class=\"elementor-widget-container\">\n\t\t\t\t\t<div class=\"elementor-image-box-wrapper\"><figure class=\"elementor-image-box-img\"><img alt=\"\" loading=\"lazy\" decoding=\"async\" width=\"100\" height=\"100\" src=\"https:\/\/yytexportcar.com\/wp-content\/uploads\/2025\/12\/3903-202402021037138982.webp\" class=\"attachment-full size-full wp-image-4205\" srcset=\"https:\/\/yytexportcar.com\/wp-content\/uploads\/2025\/12\/3903-202402021037138982.webp 100w, https:\/\/yytexportcar.com\/wp-content\/uploads\/2025\/12\/3903-202402021037138982-12x12.webp 12w\" sizes=\"(max-width: 100px) 100vw, 100px\" \/><\/figure><div class=\"elementor-image-box-content\"><h3 class=\"elementor-image-box-title\">Relations de coop\u00e9ration avec l'\u00e9tranger<\/h3><p class=\"elementor-image-box-description\">Nous entretenons des relations de coop\u00e9ration stables et \u00e0 long terme avec des clients russes de cinq pays d'Europe centrale et orientale.<\/p><\/div><\/div>\t\t\t\t<\/div>\n\t\t\t\t<\/div>\n\t\t\t\t<\/div>\n\t\t\t\t\t<\/div>\n\t\t\t\t<\/div>\n\t\t\t\t<\/div>\n\t\t\t\t<\/div>","protected":false},"excerpt":{"rendered":"<p>ABOUT US Shandong Yuanyuantong international Trading Co., Ltd. is an enterprise focusing on international au.torpobile trade, headauartered in jinan, We are committed to connecting the global automotive marketand providing customers with high-quality automotive products and professional export services. Sinceits establishment, the company has established extensive international partnerships in 150 countriescovering automobile manufacturers, dealers and leasing [&hellip;]<\/p>\n","protected":false},"author":0,"featured_media":0,"parent":0,"menu_order":0,"comment_status":"closed","ping_status":"closed","template":"","meta":{"_seopress_robots_primary_cat":"","_seopress_titles_title":"","_seopress_titles_desc":"","_seopress_robots_index":"","_uag_custom_page_level_css":"","site-sidebar-layout":"no-sidebar","site-content-layout":"page-builder","ast-site-content-layout":"full-width-container","site-content-style":"unboxed","site-sidebar-style":"unboxed","ast-global-header-display":"","ast-banner-title-visibility":"","ast-main-header-display":"","ast-hfb-above-header-display":"","ast-hfb-below-header-display":"","ast-hfb-mobile-header-display":"","site-post-title":"disabled","ast-breadcrumbs-content":"disabled","ast-featured-img":"disabled","footer-sml-layout":"","ast-disable-related-posts":"","theme-transparent-header-meta":"enabled","adv-header-id-meta":"","stick-header-meta":"","header-above-stick-meta":"","header-main-stick-meta":"","header-below-stick-meta":"","astra-migrate-meta-layouts":"set","ast-page-background-enabled":"default","ast-page-background-meta":{"desktop":{"background-color":"var(--ast-global-color-4)","background-image":"","background-repeat":"repeat","background-position":"center center","background-size":"auto","background-attachment":"scroll","background-type":"","background-media":"","overlay-type":"","overlay-color":"","overlay-opacity":"","overlay-gradient":""},"tablet":{"background-color":"","background-image":"","background-repeat":"repeat","background-position":"center center","background-size":"auto","background-attachment":"scroll","background-type":"","background-media":"","overlay-type":"","overlay-color":"","overlay-opacity":"","overlay-gradient":""},"mobile":{"background-color":"","background-image":"","background-repeat":"repeat","background-position":"center center","background-size":"auto","background-attachment":"scroll","background-type":"","background-media":"","overlay-type":"","overlay-color":"","overlay-opacity":"","overlay-gradient":""}},"ast-content-background-meta":{"desktop":{"background-color":"var(--ast-global-color-5)","background-image":"","background-repeat":"repeat","background-position":"center center","background-size":"auto","background-attachment":"scroll","background-type":"","background-media":"","overlay-type":"","overlay-color":"","overlay-opacity":"","overlay-gradient":""},"tablet":{"background-color":"var(--ast-global-color-5)","background-image":"","background-repeat":"repeat","background-position":"center center","background-size":"auto","background-attachment":"scroll","background-type":"","background-media":"","overlay-type":"","overlay-color":"","overlay-opacity":"","overlay-gradient":""},"mobile":{"background-color":"var(--ast-global-color-5)","background-image":"","background-repeat":"repeat","background-position":"center center","background-size":"auto","background-attachment":"scroll","background-type":"","background-media":"","overlay-type":"","overlay-color":"","overlay-opacity":"","overlay-gradient":""}},"footnotes":""},"class_list":["post-1116","page","type-page","status-publish","hentry"],"uagb_featured_image_src":{"full":false,"thumbnail":false,"medium":false,"medium_large":false,"large":false,"1536x1536":false,"2048x2048":false,"trp-custom-language-flag":false,"woocommerce_thumbnail":false,"woocommerce_single":false,"woocommerce_gallery_thumbnail":false},"uagb_author_info":{"display_name":"","author_link":"https:\/\/yytexportcar.com\/fr\/author\/"},"uagb_comment_info":0,"uagb_excerpt":"ABOUT US Shandong Yuanyuantong international Trading Co., Ltd. is an enterprise focusing on international au.torpobile trade, headauartered in jinan, We are committed to connecting the global automotive marketand providing customers with high-quality automotive products and professional export services. Sinceits establishment, the company has established extensive international partnerships in 150 countriescovering automobile manufacturers, dealers and leasing\u2026","_links":{"self":[{"href":"https:\/\/yytexportcar.com\/fr\/wp-json\/wp\/v2\/pages\/1116","targetHints":{"allow":["GET"]}}],"collection":[{"href":"https:\/\/yytexportcar.com\/fr\/wp-json\/wp\/v2\/pages"}],"about":[{"href":"https:\/\/yytexportcar.com\/fr\/wp-json\/wp\/v2\/types\/page"}],"replies":[{"embeddable":true,"href":"https:\/\/yytexportcar.com\/fr\/wp-json\/wp\/v2\/comments?post=1116"}],"version-history":[{"count":84,"href":"https:\/\/yytexportcar.com\/fr\/wp-json\/wp\/v2\/pages\/1116\/revisions"}],"predecessor-version":[{"id":4389,"href":"https:\/\/yytexportcar.com\/fr\/wp-json\/wp\/v2\/pages\/1116\/revisions\/4389"}],"wp:attachment":[{"href":"https:\/\/yytexportcar.com\/fr\/wp-json\/wp\/v2\/media?parent=1116"}],"curies":[{"name":"wp","href":"https:\/\/api.w.org\/{rel}","templated":true}]}}